{"id":1143,"date":"2015-08-13T13:53:02","date_gmt":"2015-08-13T13:53:02","guid":{"rendered":"http:\/\/foundry.tommusdemos.wpengine.com\/?page_id=1143"},"modified":"2017-04-10T19:29:40","modified_gmt":"2017-04-10T19:29:40","slug":"winery","status":"publish","type":"page","link":"https:\/\/fonevol.net\/","title":{"rendered":"Winery"},"content":{"rendered":"<p>[vc_row full_width=&#8221;stretch_row&#8221;][vc_column]\n\t\t\t<section class=\"cover fullscreen parallax overlay image-bg hero-header\">\n\t\t\t    <div class=\"background-image-holder\">\n\t\t\t        <img loading=\"lazy\" decoding=\"async\" width=\"1890\" height=\"1063\" src=\"https:\/\/fonevol.net\/wp-content\/uploads\/2015\/08\/background-1.jpg\" class=\"background-image\" alt=\"\" srcset=\"https:\/\/fonevol.net\/wp-content\/uploads\/2015\/08\/background-1.jpg 1890w, https:\/\/fonevol.net\/wp-content\/uploads\/2015\/08\/background-1-300x169.jpg 300w, https:\/\/fonevol.net\/wp-content\/uploads\/2015\/08\/background-1-768x432.jpg 768w, https:\/\/fonevol.net\/wp-content\/uploads\/2015\/08\/background-1-1024x576.jpg 1024w\" sizes=\"auto, (max-width: 1890px) 100vw, 1890px\" \/>\n\t\t\t    <\/div>\n\t\t\t    <div class=\"container v-align-transform\">\n\t\t\t        <div class=\"row\">\n\t\t\t            <div class=\"col-sm-12 text-center\">\n\t\t\t                <\/p>\n<h5 class=\"lead italic\" style=\"text-align: center;\"><em><img loading=\"lazy\" decoding=\"async\" class=\"aligncenter wp-image-3304\" src=\"http:\/\/fonevol.net\/wp-content\/uploads\/2017\/04\/logo-fonevol_04042017-300x150.png\" alt=\"\" width=\"700\" height=\"351\" srcset=\"https:\/\/fonevol.net\/wp-content\/uploads\/2017\/04\/logo-fonevol_04042017-300x150.png 300w, https:\/\/fonevol.net\/wp-content\/uploads\/2017\/04\/logo-fonevol_04042017-768x385.png 768w, https:\/\/fonevol.net\/wp-content\/uploads\/2017\/04\/logo-fonevol_04042017-1024x513.png 1024w, https:\/\/fonevol.net\/wp-content\/uploads\/2017\/04\/logo-fonevol_04042017.png 1098w\" sizes=\"auto, (max-width: 700px) 100vw, 700px\" \/><strong>\u201cAmigues i amics de les Festes de Moros i Cristians d&#8217;Alcoi\u201d<\/strong><\/em><\/h5>\n<div class=\"row\">\n<p><a style=\"display: inline-block;\" href=\"https:\/\/twitter.com\/fonevol_alcoi\" target=\"_blank\"><img decoding=\"async\" class=\"aligncenter\" style=\"width: 60%;\" src=\"http:\/\/fonevol.net\/wp-content\/uploads\/2016\/11\/twitter.png\" \/><\/a><a style=\"display: inline-block;\" href=\"https:\/\/es-es.facebook.com\/fonevol.alcoi\" target=\"_blank\"><img decoding=\"async\" class=\"aligncenter\" style=\"width: 60%;\" src=\"http:\/\/fonevol.net\/wp-content\/uploads\/2016\/11\/facebook.png\" \/><\/a><\/p>\n<div id=\"scrollButton\" class=\"arrow bounce\"><\/div>\n<\/div>\n<p>\n\n\t\t\t            <\/div>\n\t\t\t        <\/div>\n\t\t\t    <\/div>\n\t\t\t    <div class=\"align-bottom text-center\">\n\t\t\t        <ul class=\"list-inline social-list mb24\">\n\t\t\t            \n\t\t\t        <\/ul>\n\t\t\t    <\/div>\n\t\t\t<\/section>\n\t\t[vc_raw_js]JTNDc2NyaXB0JTIwdHlwZSUzRCUyMnRleHQlMkZqYXZhc2NyaXB0JTIyJTNFJTIwJTBBJTBBdmFyJTIwYnV0dG9uQXJyb3clMjAlM0QlMjBkb2N1bWVudC5nZXRFbGVtZW50QnlJZCUyOCUyN3Njcm9sbEJ1dHRvbiUyNyUyOSUzQiUwQWJ1dHRvbkFycm93Lm9uY2xpY2slMjAlM0QlMjBmdW5jdGlvbiUyOCUyOSUyMCU3QiUwQSUyMCUyMCUyMCUyMHNjcm9sbFRvJTI4JTI5JTNCJTBBJTdEJTBBJTBBZnVuY3Rpb24lMjBzY3JvbGxUbyUyOCUyOSU3QiUwQSUyMCUyMCUyMCUyMGxvY2F0aW9uLmhyZWYlMjAlM0QlMjAlMjIlMjNxdWlzb20lMjIlM0IlMEElN0QlMEElM0MlMkZzY3JpcHQlM0U=[\/vc_raw_js][\/vc_column][\/vc_row][vc_row el_id=&#8221;quiSom&#8221;][vc_column]\n\t\t\t<section class=\"image-edge\">\n\t\t\t    <div class=\"col-md-6 col-sm-4 p0 col-md-push-6 col-sm-push-8\">\n\t\t\t        <img loading=\"lazy\" decoding=\"async\" width=\"488\" height=\"488\" src=\"https:\/\/fonevol.net\/wp-content\/uploads\/2015\/08\/quienes.png\" class=\"mb-xs-24\" alt=\"\" srcset=\"https:\/\/fonevol.net\/wp-content\/uploads\/2015\/08\/quienes.png 488w, https:\/\/fonevol.net\/wp-content\/uploads\/2015\/08\/quienes-150x150.png 150w, https:\/\/fonevol.net\/wp-content\/uploads\/2015\/08\/quienes-300x300.png 300w, https:\/\/fonevol.net\/wp-content\/uploads\/2015\/08\/quienes-60x60.png 60w\" sizes=\"auto, (max-width: 488px) 100vw, 488px\" \/>\n\t\t\t    <\/div>\n\t\t\t    <div class=\"container\">\n\t\t\t        <div class=\"col-md-5 col-md-pull-0 col-sm-7 col-sm-pull-4 v-align-transform\">\n\t\t\t            [vc_column_text]<\/p>\n<h5 class=\"uppercase fade-half mb-xs-24\" style=\"text-align: center;\"><\/h5>\n<h4 style=\"text-align: center;\">QUI SOM I PER QU\u00c8?<\/h4>\n<p class=\"lead\" style=\"text-align: center;\">Fon\u00e8vol t\u00e9 com objectiu fomentar la participaci\u00f3 de les dones en les festes de Moros i Cristians d&#8217;Alcoi en plenes condicions d&#8217;igualtat.<\/p>\n<p>[\/vc_column_text]\n\t\t\t        <\/div>\n\t\t\t    <\/div>\n\t\t\t<\/section>\n\t\t[\/vc_column][\/vc_row][vc_row full_height=&#8221;yes&#8221; css=&#8221;.vc_custom_1479254093672{background-image: url(http:\/\/fonevol.net\/wp-content\/uploads\/2015\/08\/web-fonevol3-09.png?id=1923) !important;}&#8221;][vc_column width=&#8221;1\/4&#8243;][\/vc_column][vc_column width=&#8221;1\/2&#8243;][\/vc_column][vc_column width=&#8221;1\/4&#8243;][vc_single_image image=&#8221;2710&#8243; img_size=&#8221;medium&#8221; alignment=&#8221;center&#8221;][\/vc_column][\/vc_row]<\/p>\n","protected":false},"excerpt":{"rendered":"<p>[vc_row full_width=&#8221;stretch_row&#8221;][vc_column][vc_raw_js]JTNDc2NyaXB0JTIwdHlwZSUzRCUyMnRleHQlMkZqYXZhc2NyaXB0JTIyJTNFJTIwJTBBJTBBdmFyJTIwYnV0dG9uQXJyb3clMjAlM0QlMjBkb2N1bWVudC5nZXRFbGVtZW50QnlJZCUyOCUyN3Njcm9sbEJ1dHRvbiUyNyUyOSUzQiUwQWJ1dHRvbkFycm93Lm9uY2xpY2slMjAlM0QlMjBmdW5jdGlvbiUyOCUyOSUyMCU3QiUwQSUyMCUyMCUyMCUyMHNjcm9sbFRvJTI4JTI5JTNCJTBBJTdEJTBBJTBBZnVuY3Rpb24lMjBzY3JvbGxUbyUyOCUyOSU3QiUwQSUyMCUyMCUyMCUyMGxvY2F0aW9uLmhyZWYlMjAlM0QlMjAlMjIlMjNxdWlzb20lMjIlM0IlMEElN0QlMEElM0MlMkZzY3JpcHQlM0U=[\/vc_raw_js][\/vc_column][\/vc_row][vc_row el_id=&#8221;quiSom&#8221;][vc_column][\/vc_column][\/vc_row][vc_row full_height=&#8221;yes&#8221; css=&#8221;.vc_custom_1479254093672{background-image: url(http:\/\/fonevol.net\/wp-content\/uploads\/2015\/08\/web-fonevol3-09.png?id=1923) !important;}&#8221;][vc_column width=&#8221;1\/4&#8243;][\/vc_column][vc_column width=&#8221;1\/2&#8243;][\/vc_column][vc_column width=&#8221;1\/4&#8243;][vc_single_image image=&#8221;2710&#8243; img_size=&#8221;medium&#8221; alignment=&#8221;center&#8221;][\/vc_column][\/vc_row]<\/p>\n","protected":false},"author":1,"featured_media":0,"parent":378,"menu_order":0,"comment_status":"closed","ping_status":"closed","template":"","meta":{"footnotes":""},"class_list":["post-1143","page","type-page","status-publish","hentry"],"_links":{"self":[{"href":"https:\/\/fonevol.net\/index.php\/wp-json\/wp\/v2\/pages\/1143","targetHints":{"allow":["GET"]}}],"collection":[{"href":"https:\/\/fonevol.net\/index.php\/wp-json\/wp\/v2\/pages"}],"about":[{"href":"https:\/\/fonevol.net\/index.php\/wp-json\/wp\/v2\/types\/page"}],"author":[{"embeddable":true,"href":"https:\/\/fonevol.net\/index.php\/wp-json\/wp\/v2\/users\/1"}],"replies":[{"embeddable":true,"href":"https:\/\/fonevol.net\/index.php\/wp-json\/wp\/v2\/comments?post=1143"}],"version-history":[{"count":39,"href":"https:\/\/fonevol.net\/index.php\/wp-json\/wp\/v2\/pages\/1143\/revisions"}],"predecessor-version":[{"id":3308,"href":"https:\/\/fonevol.net\/index.php\/wp-json\/wp\/v2\/pages\/1143\/revisions\/3308"}],"up":[{"embeddable":true,"href":"https:\/\/fonevol.net\/index.php\/wp-json\/wp\/v2\/pages\/378"}],"wp:attachment":[{"href":"https:\/\/fonevol.net\/index.php\/wp-json\/wp\/v2\/media?parent=1143"}],"curies":[{"name":"wp","href":"https:\/\/api.w.org\/{rel}","templated":true}]}}