{"id":3357,"date":"2017-05-01T18:51:58","date_gmt":"2017-05-01T18:51:58","guid":{"rendered":"http:\/\/fonevol.net\/?page_id=3357"},"modified":"2020-07-22T11:11:33","modified_gmt":"2020-07-22T11:11:33","slug":"bases-del-concurs-2020","status":"publish","type":"page","link":"https:\/\/fonevol.net\/index.php\/bases-del-concurs-2020\/","title":{"rendered":"Bases del concurs"},"content":{"rendered":"<p><strong>15\u00e9 CONCURS DE FOTOGRAFIA FON\u00c8VOL<\/strong><\/p>\n<p>En aquest any singular en qu\u00e8 no hem tingut festes, hi ha una realitat que s\u00ed que ens \u00e9s familiar: la igualtat no s\u2019ha aconseguit en les filaes, encara queda molt per fer. Per aix\u00f2 vos convidem a participar en el nostre 15\u00e9 concurs de fotografia. Amb el concurs, volem mostrar al m\u00f3n que el nostre poble va, poc a poc, permetent a totes les persones decidir com participar en la festa i que els drets i els deures siguen els mateixos sense que importe el g\u00e8nere.<\/p>\n<p>Aquest any tornarem a fer el concurs en format digital, pensem que poden eixir a la llum fotografies d\u2019altres anys o fetes enguany des dels balcons. Exposarem les fotografies guanyadores en format anal\u00f2gic si no hi ha problemes sanitaris o a trav\u00e9s del nostre web si no pot ser d\u2019altra manera.<\/p>\n<p><strong>Bases reguladores del concurs<\/strong><\/p>\n<ol>\n<li>PARTICIPANTS: poden participar en el concurs totes les persones majors d\u2019edat.<\/li>\n<li>TEMA: Una visi\u00f3 cr\u00edtica sobre la participaci\u00f3 de la dona en la festa. Es valorar\u00e0 la qualitat t\u00e8cnica de les fotografies i, especialment, el seu contingut cr\u00edtic.<\/li>\n<li>MODALITATS:<\/li>\n<\/ol>\n<p style=\"padding-left: 40px;\">&#8211; Fotografia en blanc i negre.<\/p>\n<p style=\"padding-left: 40px;\">&#8211; Fotografia en color.<\/p>\n<ol start=\"4\">\n<li>PREMIS:<\/li>\n<\/ol>\n<p style=\"padding-left: 40px;\">FOTOGRAFIA BLANC I NEGRE<\/p>\n<p style=\"padding-left: 80px;\">1r Premi 200 euros.<\/p>\n<p style=\"padding-left: 80px;\">2n Premi 100 euros.<\/p>\n<p style=\"padding-left: 40px;\">FOTOGRAFIA COLOR<\/p>\n<p style=\"padding-left: 80px;\">1r Premi 200 euros.<\/p>\n<p style=\"padding-left: 80px;\">2n Premi 100 euros.<\/p>\n<ol start=\"5\">\n<li>PRESENTACI\u00d3<\/li>\n<\/ol>\n<p>Les obres es presentaran en format digital mitjan\u00e7ant un correu electr\u00f2nic al qual s\u2019adjuntar\u00e0 un arxiu inform\u00e0tic amb les fotografies. El correu on presentar les obres \u00e9s <a href=\"mailto:fonevol@hotmail.com\">fonevol@hotmail.com<\/a>. Cada participant far\u00e0 constar en el cos del correu electr\u00f2nic les dades de la persona concursant (nom, cognoms, adre\u00e7a electr\u00f2nica i tel\u00e8fon) i el t\u00edtol de cada fotografia. Es pot afegir, de manera opcional, el lloc on s\u2019ha fet cada fotografia i una breu descripci\u00f3 o explicaci\u00f3 del motiu que l\u2019ha inspirada.<\/p>\n<p>Fon\u00e8vol incorporar\u00e0 al seu arxiu les fotografies presentades i es reserva el dret a reproduir i difondre totes les obres participants.<\/p>\n<p>Les fotografies han de ser pr\u00f2pies i que anteriorment no hagen estat premiades en cap altre concurs.<\/p>\n<p>S\u2019admetr\u00e0 un m\u00e0xim de tres fotografies per autor i per categoria.<\/p>\n<p>La participaci\u00f3 en aquest concurs comporta l\u2019acceptaci\u00f3 de les seues bases. Els autors assumiran la responsabilitat quant a l\u2019autoria i l\u2019originalitat de les fotos que envien.<\/p>\n<p>Fon\u00e8vol informar\u00e0 de la recepci\u00f3 correcta de les fotografies mitjan\u00e7ant un correu electr\u00f2nic de confirmaci\u00f3 a l\u2019adre\u00e7a dels remitents.<\/p>\n<ol start=\"6\">\n<li>FORMAT<\/li>\n<\/ol>\n<p>Cada fotografia tindr\u00e0 un m\u00ednim de 3 MB de grand\u00e0ria. S\u2019ha de trametre en est\u00e0ndard JPEG, sense cap marca d\u2019aigua ni cap identificaci\u00f3. Cada imatge digital ha de portar com a nom el t\u00edtol de la instant\u00e0nia per tal d\u2019identificar-la correctament.<\/p>\n<ol start=\"7\">\n<li>TERMINI<\/li>\n<\/ol>\n<p>L\u2019admissi\u00f3 d \u2018imatges comen\u00e7ar\u00e0 l&#8217;1 de setembre i finalitzar\u00e0 el 20 del mateix mes de 2020.<\/p>\n<ol start=\"8\">\n<li>JURAT<\/li>\n<\/ol>\n<p>Estar\u00e0 compost per persones relacionades amb els camps de la fotografia, de les arts pl\u00e0stiques, del m\u00f3n associatiu femen\u00ed o de la participaci\u00f3 de les dones en la festa d\u2019Alcoi. El jurat es reserva el dret de declarar desert el concurs. Qualsevol cas imprevist ser\u00e0 resolt a criteri de l&#8217;organitzaci\u00f3.<\/p>\n<p style=\"padding-left: 40px;\">REUNI\u00d3 DEL JURAT<\/p>\n<p>El jurat es reunir\u00e0 per elegir els premis el divendres 25 de setembre de 2020, a les 20 h. L&#8217;acte, a porta oberta si les circumst\u00e0ncies sanit\u00e0ries ho permeten, tindr\u00e0 lloc en la seu de Fon\u00e8vol. En cas que la situaci\u00f3 sanit\u00e0ria desaconselle les reunions l\u2019acte se celebrar\u00e0 en l\u00ednia.<\/p>\n<ol start=\"9\">\n<li>EXPOSICI\u00d3 I LLIURAMENT DELS PREMIS<\/li>\n<\/ol>\n<p>Les obres escollides s\u2019exposaran en el Club UNESCO (C\/ Cid, 12, Alcoi) del 5 al 30 d\u2019octubre de 2020 sempre que les condicions sanit\u00e0ries ho permeten. El lliurament dels premis tindr\u00e0 lloc el divendres 5 d\u2019octubre, a les 20:15 h, coincidint amb l&#8217;acte d&#8217;inauguraci\u00f3 de l&#8217;exposici\u00f3 si pot ser, o s\u2019entregaran els premis directament per transfer\u00e8ncia banc\u00e0ria. Les obres premiades, aix\u00ed com el dret a reproduir-les, quedaran com a propietat de Fon\u00e8vol. Cap participant no podr\u00e0 obtenir m\u00e9s d&#8217;un premi per modalitat.<\/p>\n<p>Organitza:<\/p>\n<p>Fon\u00e8vol<\/p>\n<p>Club d\u2019Amics de la UNESCO<\/p>\n<p>C\/ Cid, 12 03803 Alcoi<\/p>\n<p>E-mail: <a href=\"mailto:fonevol@hotmail.com\">fonevol@hotmail.com<\/a><\/p>\n<p><a href=\"http:\/\/fonevol.net\">http:\/\/fonevol.net<\/a><\/p>\n<p>Col\u00b7laboren:<\/p>\n<p>Agrupaci\u00f3 Fotogr\u00e0fica Alcoiana<\/p>\n<p>Club d\u2019Amics de la UNESCO d\u2019Alcoi<\/p>\n","protected":false},"excerpt":{"rendered":"<p>15\u00e9 CONCURS DE FOTOGRAFIA FON\u00c8VOL En aquest any singular en qu\u00e8 no hem tingut festes, hi ha una realitat que s\u00ed&#8230;<\/p>\n","protected":false},"author":2,"featured_media":0,"parent":0,"menu_order":0,"comment_status":"closed","ping_status":"closed","template":"","meta":{"footnotes":""},"class_list":["post-3357","page","type-page","status-publish","hentry"],"_links":{"self":[{"href":"https:\/\/fonevol.net\/index.php\/wp-json\/wp\/v2\/pages\/3357","targetHints":{"allow":["GET"]}}],"collection":[{"href":"https:\/\/fonevol.net\/index.php\/wp-json\/wp\/v2\/pages"}],"about":[{"href":"https:\/\/fonevol.net\/index.php\/wp-json\/wp\/v2\/types\/page"}],"author":[{"embeddable":true,"href":"https:\/\/fonevol.net\/index.php\/wp-json\/wp\/v2\/users\/2"}],"replies":[{"embeddable":true,"href":"https:\/\/fonevol.net\/index.php\/wp-json\/wp\/v2\/comments?post=3357"}],"version-history":[{"count":7,"href":"https:\/\/fonevol.net\/index.php\/wp-json\/wp\/v2\/pages\/3357\/revisions"}],"predecessor-version":[{"id":3793,"href":"https:\/\/fonevol.net\/index.php\/wp-json\/wp\/v2\/pages\/3357\/revisions\/3793"}],"wp:attachment":[{"href":"https:\/\/fonevol.net\/index.php\/wp-json\/wp\/v2\/media?parent=3357"}],"curies":[{"name":"wp","href":"https:\/\/api.w.org\/{rel}","templated":true}]}}